{"id":203,"date":"2011-09-14T09:45:02","date_gmt":"2011-09-14T09:45:02","guid":{"rendered":"http:\/\/192.168.9.29\/Development\/TB\/?page_id=203"},"modified":"2022-05-25T05:24:52","modified_gmt":"2022-05-25T05:24:52","slug":"home","status":"publish","type":"page","link":"https:\/\/www.askoe-oedt.at\/neu\/","title":{"rendered":"Home"},"content":{"rendered":"\n<h1 class=\"has-text-align-center\"><mark style=\"background-color:rgba(0, 0, 0, 0)\" class=\"has-inline-color has-vivid-red-color\"><strong>Herzlich Willkommen auf der Homepage des ASK\u00d6 Oedt<\/strong><\/mark><\/h1>\n\n\n\n<h2 class=\"has-text-align-center\"><em><strong>Aufgrund der Bauarbeiten auf der Transdanubia Sportanlage finden unsere Heimspiele der KM und 1b am Sportplatz in H\u00f6rsching statt.<\/strong><\/em><\/h2>\n\n\n\n<div class=\"wp-block-cover alignfull is-light has-parallax\" style=\"background-image:url(http:\/\/www.askoe-oedt.at\/neu\/wp-content\/uploads\/2020\/10\/Ask\u00f6OedtNW-Privat-2.jpg);min-height:60px\"><span aria-hidden=\"true\" class=\"has-background-dim-30 wp-block-cover__gradient-background has-background-dim\"><\/span><div class=\"wp-block-cover__inner-container\">\n<div class=\"wp-block-columns alignwide\">\n<div class=\"wp-block-column\" style=\"flex-basis:55%\">\n<p><\/p>\n\n\n\n<h2 class=\"has-white-color has-text-color\">Unsere Heimspiele zwischen 23.5 &amp; 29.5.:<\/h2>\n\n\n\n<p><\/p>\n\n\n\n<figure class=\"wp-block-table is-style-stripes has-medium-font-size\"><table class=\"has-black-color has-text-color has-background\" style=\"background:radial-gradient(rgb(254,205,165) 40%,rgb(254,45,45) 94%,rgb(107,0,62) 100%)\"><thead><tr><th class=\"has-text-align-center\" data-align=\"center\">Datum<\/th><th class=\"has-text-align-center\" data-align=\"center\">Ansto\u00df<\/th><th class=\"has-text-align-center\" data-align=\"center\"> <\/th><th class=\"has-text-align-left\" data-align=\"left\">Gegner<\/th><th><\/th><\/tr><\/thead><tbody><tr><td class=\"has-text-align-center\" data-align=\"center\">24.5<\/td><td class=\"has-text-align-center\" data-align=\"center\">19:00<\/td><td class=\"has-text-align-center\" data-align=\"center\">U16<\/td><td class=\"has-text-align-left\" data-align=\"left\">Kematen\/P.<\/td><td>Regionsliga Ost<\/td><\/tr><tr><td class=\"has-text-align-center\" data-align=\"center\"><\/td><td class=\"has-text-align-center\" data-align=\"center\"><\/td><td class=\"has-text-align-center\" data-align=\"center\"><\/td><td class=\"has-text-align-left\" data-align=\"left\"><\/td><td><\/td><\/tr><tr><td class=\"has-text-align-center\" data-align=\"center\">24.5<\/td><td class=\"has-text-align-center\" data-align=\"center\">19:00<\/td><td class=\"has-text-align-center\" data-align=\"center\">U16<\/td><td class=\"has-text-align-left\" data-align=\"left\">FC Wels<\/td><td>startup@Fahrschulen Liga<\/td><\/tr><tr><td class=\"has-text-align-center\" data-align=\"center\"><\/td><td class=\"has-text-align-center\" data-align=\"center\"><\/td><td class=\"has-text-align-center\" data-align=\"center\"><\/td><td class=\"has-text-align-left\" data-align=\"left\"><\/td><td><\/td><\/tr><tr><td class=\"has-text-align-center\" data-align=\"center\">27.5<\/td><td class=\"has-text-align-center\" data-align=\"center\">16:00<\/td><td class=\"has-text-align-center\" data-align=\"center\">U9<\/td><td class=\"has-text-align-left\" data-align=\"left\">St.Florian<\/td><td>Region Ost<\/td><\/tr><tr><td class=\"has-text-align-center\" data-align=\"center\"><\/td><td class=\"has-text-align-center\" data-align=\"center\"><\/td><td class=\"has-text-align-center\" data-align=\"center\"><\/td><td class=\"has-text-align-left\" data-align=\"left\"><\/td><td><\/td><\/tr><tr><td class=\"has-text-align-center\" data-align=\"center\">28.5<\/td><td class=\"has-text-align-center\" data-align=\"center\">11:00<\/td><td class=\"has-text-align-center\" data-align=\"center\">U14<\/td><td class=\"has-text-align-left\" data-align=\"left\">Mauthausen<\/td><td>Regionsliga<\/td><\/tr><tr><td class=\"has-text-align-center\" data-align=\"center\"><\/td><td class=\"has-text-align-center\" data-align=\"center\"><\/td><td class=\"has-text-align-center\" data-align=\"center\"><\/td><td class=\"has-text-align-left\" data-align=\"left\"><\/td><td><\/td><\/tr><tr><td class=\"has-text-align-center\" data-align=\"center\">28.5<\/td><td class=\"has-text-align-center\" data-align=\"center\">17:30<\/td><td class=\"has-text-align-center\" data-align=\"center\">U16<\/td><td class=\"has-text-align-left\" data-align=\"left\">Ask\u00f6 Dionysen<\/td><td>Regionsliga Ost<\/td><\/tr><tr><td class=\"has-text-align-center\" data-align=\"center\"><\/td><td class=\"has-text-align-center\" data-align=\"center\"><\/td><td class=\"has-text-align-center\" data-align=\"center\"><\/td><td class=\"has-text-align-left\" data-align=\"left\"><\/td><td><\/td><\/tr><\/tbody><\/table><\/figure>\n\n\n\n<div style=\"height:15px\" aria-hidden=\"true\" class=\"wp-block-spacer\"><\/div>\n\n\n\n<h2 class=\"has-white-color has-text-color\">Unsere Ausw\u00e4rtsspiele zwischen 23.5 &amp; 29.5.:<\/h2>\n\n\n\n<p><\/p>\n\n\n\n<figure class=\"wp-block-table is-style-stripes has-medium-font-size\"><table class=\"has-black-color has-text-color has-background\" style=\"background:radial-gradient(rgb(254,205,165) 40%,rgb(254,45,45) 94%,rgb(107,0,62) 100%)\"><thead><tr><th class=\"has-text-align-center\" data-align=\"center\">Datum<\/th><th class=\"has-text-align-center\" data-align=\"center\">Ansto\u00df<\/th><th class=\"has-text-align-center\" data-align=\"center\"> <\/th><th class=\"has-text-align-left\" data-align=\"left\">Gegner<\/th><th><\/th><\/tr><\/thead><tbody><tr><td class=\"has-text-align-center\" data-align=\"center\">25.5<\/td><td class=\"has-text-align-center\" data-align=\"center\">17:00<\/td><td class=\"has-text-align-center\" data-align=\"center\">KM <\/td><td class=\"has-text-align-left\" data-align=\"left\">St.Martin\/M\u00fchlkreis<\/td><td>Transdanubia Cup FINALE<\/td><\/tr><tr><td class=\"has-text-align-center\" data-align=\"center\"><\/td><td class=\"has-text-align-center\" data-align=\"center\"><\/td><td class=\"has-text-align-center\" data-align=\"center\"><\/td><td class=\"has-text-align-left\" data-align=\"left\"><\/td><td><\/td><\/tr><tr><td class=\"has-text-align-center\" data-align=\"center\">28.5<\/td><td class=\"has-text-align-center\" data-align=\"center\">15:00<\/td><td class=\"has-text-align-center\" data-align=\"center\">1b<\/td><td class=\"has-text-align-left\" data-align=\"left\">Union Leonding<\/td><td>Spielort H\u00f6rsching<\/td><\/tr><tr><td class=\"has-text-align-center\" data-align=\"center\"><\/td><td class=\"has-text-align-center\" data-align=\"center\"><\/td><td class=\"has-text-align-center\" data-align=\"center\"><\/td><td class=\"has-text-align-left\" data-align=\"left\"><\/td><td><\/td><\/tr><tr><td class=\"has-text-align-center\" data-align=\"center\">29.5<\/td><td class=\"has-text-align-center\" data-align=\"center\">17:00<\/td><td class=\"has-text-align-center\" data-align=\"center\">KM<\/td><td class=\"has-text-align-left\" data-align=\"left\">ASK St.Valentin<\/td><td>Spielort H\u00f6rsching<\/td><\/tr><tr><td class=\"has-text-align-center\" data-align=\"center\"><\/td><td class=\"has-text-align-center\" data-align=\"center\"><\/td><td class=\"has-text-align-center\" data-align=\"center\"><\/td><td class=\"has-text-align-left\" data-align=\"left\"><\/td><td><\/td><\/tr><\/tbody><\/table><\/figure>\n<\/div>\n\n\n\n<div class=\"wp-block-column\" style=\"flex-basis:600px\">\n<div class=\"wp-block-columns\">\n<div class=\"wp-block-column\">\n<p><\/p>\n\n\n\n<h2 class=\"has-text-align-center has-white-color has-text-color\">Wir haben Grund zum Feiern....<\/h2>\n\n\n\n<p class=\"has-text-align-center has-text-color has-large-font-size\" style=\"color:#ffe074;line-height:1.3\">60 Jahre<br> ASK\u00d6 Oedt <br>1962 - 2022<\/p>\n\n\n\n<p class=\"has-text-align-center has-white-color has-text-color has-medium-font-size\">Wir feiern am 25 &amp; 26.6 2022 auf der Transdanubia Sportanlage unser 60j\u00e4hriges.<\/p>\n\n\n\n<p class=\"has-text-align-center has-white-color has-text-color has-medium-font-size\">Mit Highlights wie Legenden vs. Supergirls \/ Talkrunde \/ LASK Autogrammstunde.<\/p>\n\n\n\n<p class=\"has-text-align-center has-white-color has-text-color has-medium-font-size\">Kommt vorbei und feiert mit uns. <\/p>\n<\/div>\n\n\n\n<div class=\"wp-block-column\">\n<div class=\"wp-block-image is-style-default\"><figure class=\"aligncenter size-full\"><a href=\"http:\/\/www.askoe-oedt.at\/neu\/wp-content\/uploads\/2022\/05\/Plakat.jpg\"><img loading=\"lazy\" width=\"596\" height=\"845\" src=\"http:\/\/www.askoe-oedt.at\/neu\/wp-content\/uploads\/2022\/05\/Plakat.jpg\" alt=\"\" class=\"wp-image-4784\" srcset=\"https:\/\/www.askoe-oedt.at\/neu\/wp-content\/uploads\/2022\/05\/Plakat.jpg 596w, https:\/\/www.askoe-oedt.at\/neu\/wp-content\/uploads\/2022\/05\/Plakat-212x300.jpg 212w\" sizes=\"(max-width: 596px) 100vw, 596px\" \/><\/a><\/figure><\/div>\n<\/div>\n<\/div>\n<\/div>\n<\/div>\n<\/div><\/div>\n\n\n\n<div style=\"height:10px\" aria-hidden=\"true\" class=\"wp-block-spacer\"><\/div>\n\n\n\n<div style=\"height:15px\" aria-hidden=\"true\" class=\"wp-block-spacer\"><\/div>\n\n\n\n<h3><strong>Die aktuellsten News aus unserem Verein:<\/strong><\/h3>\n\n\n\n<p><\/p>\n\n\n<ul class=\"wp-block-latest-posts__list is-grid columns-3 has-dates aligncenter wp-block-latest-posts\"><li><div class=\"wp-block-latest-posts__featured-image aligncenter\"><a href=\"https:\/\/www.askoe-oedt.at\/neu\/3-punkte-im-nachtrag\/\"><img width=\"270\" height=\"300\" src=\"https:\/\/www.askoe-oedt.at\/neu\/wp-content\/uploads\/2022\/03\/A_LUI_19032022_08-270x300.jpg\" class=\"attachment-medium size-medium wp-post-image\" alt=\"\" loading=\"lazy\" style=\"\" srcset=\"https:\/\/www.askoe-oedt.at\/neu\/wp-content\/uploads\/2022\/03\/A_LUI_19032022_08-270x300.jpg 270w, https:\/\/www.askoe-oedt.at\/neu\/wp-content\/uploads\/2022\/03\/A_LUI_19032022_08-922x1024.jpg 922w, https:\/\/www.askoe-oedt.at\/neu\/wp-content\/uploads\/2022\/03\/A_LUI_19032022_08-768x853.jpg 768w, https:\/\/www.askoe-oedt.at\/neu\/wp-content\/uploads\/2022\/03\/A_LUI_19032022_08-1383x1536.jpg 1383w, https:\/\/www.askoe-oedt.at\/neu\/wp-content\/uploads\/2022\/03\/A_LUI_19032022_08-1844x2048.jpg 1844w, https:\/\/www.askoe-oedt.at\/neu\/wp-content\/uploads\/2022\/03\/A_LUI_19032022_08.jpg 1858w\" sizes=\"(max-width: 270px) 100vw, 270px\" \/><\/a><\/div><a href=\"https:\/\/www.askoe-oedt.at\/neu\/3-punkte-im-nachtrag\/\">3 Punkte im Nachtrag<\/a><time datetime=\"2022-03-30T05:19:58+00:00\" class=\"wp-block-latest-posts__post-date\">30. M\u00e4rz 2022<\/time><div class=\"wp-block-latest-posts__post-excerpt\">Aufgrund von Corona musste die 17 Runde der LT1 O\u00d6-Liga f\u00fcr unsere Mannschaft verschoben werden. Gestern 29.3. wurde das Spiel auf der Transdanubia Sportanlage nachgeholt&nbsp;<a href=\"https:\/\/www.askoe-oedt.at\/neu\/3-punkte-im-nachtrag\/\" class=\"read-more\">Weiter lesen<\/a><\/div><\/li>\n<li><div class=\"wp-block-latest-posts__featured-image aligncenter\"><a href=\"https:\/\/www.askoe-oedt.at\/neu\/erfolgreiches-wochenende-fuer-unsere-mannschaften\/\"><img width=\"300\" height=\"225\" src=\"https:\/\/www.askoe-oedt.at\/neu\/wp-content\/uploads\/2022\/03\/IMG_20220326_163305_1-300x225.jpg\" class=\"attachment-medium size-medium wp-post-image\" alt=\"\" loading=\"lazy\" style=\"\" srcset=\"https:\/\/www.askoe-oedt.at\/neu\/wp-content\/uploads\/2022\/03\/IMG_20220326_163305_1-300x225.jpg 300w, https:\/\/www.askoe-oedt.at\/neu\/wp-content\/uploads\/2022\/03\/IMG_20220326_163305_1-1024x768.jpg 1024w, https:\/\/www.askoe-oedt.at\/neu\/wp-content\/uploads\/2022\/03\/IMG_20220326_163305_1-768x576.jpg 768w, https:\/\/www.askoe-oedt.at\/neu\/wp-content\/uploads\/2022\/03\/IMG_20220326_163305_1-1536x1152.jpg 1536w, https:\/\/www.askoe-oedt.at\/neu\/wp-content\/uploads\/2022\/03\/IMG_20220326_163305_1-2048x1536.jpg 2048w\" sizes=\"(max-width: 300px) 100vw, 300px\" \/><\/a><\/div><a href=\"https:\/\/www.askoe-oedt.at\/neu\/erfolgreiches-wochenende-fuer-unsere-mannschaften\/\">Erfolgreiches Wochenende f\u00fcr unsere Mannschaften<\/a><time datetime=\"2022-03-29T10:49:51+00:00\" class=\"wp-block-latest-posts__post-date\">29. M\u00e4rz 2022<\/time><div class=\"wp-block-latest-posts__post-excerpt\">Am Samstag trat unsere Kampfmannschaft die Reise nach Bad Ischl an. In der Kurstadt stand die 19.Runde der LT1 O\u00d6-Liga bei traumhaften Wetter am Programm.&nbsp;<a href=\"https:\/\/www.askoe-oedt.at\/neu\/erfolgreiches-wochenende-fuer-unsere-mannschaften\/\" class=\"read-more\">Weiter lesen<\/a><\/div><\/li>\n<li><div class=\"wp-block-latest-posts__featured-image aligncenter\"><a href=\"https:\/\/www.askoe-oedt.at\/neu\/verspaeteter-heimauftakt-sieg-im-topspiel\/\"><img width=\"300\" height=\"206\" src=\"https:\/\/www.askoe-oedt.at\/neu\/wp-content\/uploads\/2022\/03\/A_LUI_19032022_23-1-300x206.jpg\" class=\"attachment-medium size-medium wp-post-image\" alt=\"\" loading=\"lazy\" style=\"\" srcset=\"https:\/\/www.askoe-oedt.at\/neu\/wp-content\/uploads\/2022\/03\/A_LUI_19032022_23-1-300x206.jpg 300w, https:\/\/www.askoe-oedt.at\/neu\/wp-content\/uploads\/2022\/03\/A_LUI_19032022_23-1-1024x702.jpg 1024w, https:\/\/www.askoe-oedt.at\/neu\/wp-content\/uploads\/2022\/03\/A_LUI_19032022_23-1-768x526.jpg 768w, https:\/\/www.askoe-oedt.at\/neu\/wp-content\/uploads\/2022\/03\/A_LUI_19032022_23-1-1536x1053.jpg 1536w, https:\/\/www.askoe-oedt.at\/neu\/wp-content\/uploads\/2022\/03\/A_LUI_19032022_23-1-2048x1404.jpg 2048w\" sizes=\"(max-width: 300px) 100vw, 300px\" \/><\/a><\/div><a href=\"https:\/\/www.askoe-oedt.at\/neu\/verspaeteter-heimauftakt-sieg-im-topspiel\/\">Versp\u00e4teter Heimauftakt &#8211; Sieg im Topspiel<\/a><time datetime=\"2022-03-23T16:53:12+00:00\" class=\"wp-block-latest-posts__post-date\">23. M\u00e4rz 2022<\/time><div class=\"wp-block-latest-posts__post-excerpt\">Einen versp\u00e4teten Heimauftakt gab es f\u00fcr unsere Kampfmannschaft am Wochenende. Aufgrund der Spielverschiebung der Partie gegen Edelwei\u00df Linz (Neuer Termin: 29.3 Ansto\u00df:16:30) hatte unsere Team&nbsp;<a href=\"https:\/\/www.askoe-oedt.at\/neu\/verspaeteter-heimauftakt-sieg-im-topspiel\/\" class=\"read-more\">Weiter lesen<\/a><\/div><\/li>\n<\/ul>\n\n\n<div style=\"height:30px\" aria-hidden=\"true\" class=\"wp-block-spacer\"><\/div>\n\n\n\n<figure class=\"wp-block-gallery aligncenter has-nested-images columns-6 is-cropped\">\n<figure class=\"wp-block-image size-full is-style-default\"><a href=\"http:\/\/www.askoe-oedt.at\/neu\/wp-content\/uploads\/2022\/05\/Plakat.jpg\"><img loading=\"lazy\" width=\"596\" height=\"845\" data-id=\"4784\"  src=\"http:\/\/www.askoe-oedt.at\/neu\/wp-content\/uploads\/2022\/05\/Plakat.jpg\" alt=\"\" class=\"wp-image-4784\" srcset=\"https:\/\/www.askoe-oedt.at\/neu\/wp-content\/uploads\/2022\/05\/Plakat.jpg 596w, https:\/\/www.askoe-oedt.at\/neu\/wp-content\/uploads\/2022\/05\/Plakat-212x300.jpg 212w\" sizes=\"(max-width: 596px) 100vw, 596px\" \/><\/a><\/figure>\n\n\n\n<figure class=\"wp-block-image size-thumbnail is-style-default\"><a href=\"http:\/\/www.askoe-oedt.at\/neu\/wp-content\/uploads\/2022\/02\/DSC_4926-scaled.jpg\"><img loading=\"lazy\" width=\"150\" height=\"150\" data-id=\"4532\"  src=\"http:\/\/www.askoe-oedt.at\/neu\/wp-content\/uploads\/2022\/02\/DSC_4926-150x150.jpg\" alt=\"\" class=\"wp-image-4532\"\/><\/a><\/figure>\n\n\n\n<figure class=\"wp-block-image size-thumbnail is-style-default\"><a href=\"http:\/\/www.askoe-oedt.at\/neu\/wp-content\/uploads\/2020\/10\/Ask\u00f6OedtNW-Privat-2.jpg\"><img loading=\"lazy\" width=\"150\" height=\"150\" data-id=\"4348\"  src=\"http:\/\/www.askoe-oedt.at\/neu\/wp-content\/uploads\/2020\/10\/Ask\u00f6OedtNW-Privat-2-150x150.jpg\" alt=\"\" class=\"wp-image-4348\"\/><\/a><\/figure>\n\n\n\n<figure class=\"wp-block-image size-thumbnail is-style-default\"><a href=\"http:\/\/www.askoe-oedt.at\/neu\/wp-content\/uploads\/2020\/10\/Ask\u00f6OedtNW-Privat.jpg\"><img loading=\"lazy\" width=\"150\" height=\"150\" data-id=\"4346\"  src=\"http:\/\/www.askoe-oedt.at\/neu\/wp-content\/uploads\/2020\/10\/Ask\u00f6OedtNW-Privat-150x150.jpg\" alt=\"\" class=\"wp-image-4346\"\/><\/a><\/figure>\n\n\n\n<figure class=\"wp-block-image size-thumbnail is-style-default\"><a href=\"http:\/\/www.askoe-oedt.at\/neu\/wp-content\/uploads\/2020\/10\/KW4220-2.jpg\"><img loading=\"lazy\" width=\"150\" height=\"150\" data-id=\"4319\"  src=\"http:\/\/www.askoe-oedt.at\/neu\/wp-content\/uploads\/2020\/10\/KW4220-2-150x150.jpg\" alt=\"\" class=\"wp-image-4319\"\/><\/a><figcaption>SPORT FUSSBALL LT1 OOE-LIGA ASKOE OEDT-SPG ALGENMAX PREGARTEN 10.10.2020 IM BILD: NENAD VIDACKOVIV (OEDT)  FOTO:FOTOLUI<\/figcaption><\/figure>\n\n\n\n<figure class=\"wp-block-image size-thumbnail is-style-default\"><a href=\"http:\/\/www.askoe-oedt.at\/neu\/wp-content\/uploads\/2020\/10\/Ask\u00f6OedtKM-Privat.jpg\"><img loading=\"lazy\" width=\"150\" height=\"150\" data-id=\"4345\"  src=\"http:\/\/www.askoe-oedt.at\/neu\/wp-content\/uploads\/2020\/10\/Ask\u00f6OedtKM-Privat-150x150.jpg\" alt=\"\" class=\"wp-image-4345\"\/><\/a><\/figure>\n<\/figure>\n","protected":false},"excerpt":{"rendered":"Herzlich Willkommen auf der Homepage des ASK\u00d6 Oedt Aufgrund der Bauarbeiten auf der Transdanubia Sportanlage finden unsere Heimspiele der KM und 1b am Sportplatz in H\u00f6rsching statt. Die aktuellsten News aus unserem Verein:","protected":false},"author":5,"featured_media":4417,"parent":0,"menu_order":0,"comment_status":"closed","ping_status":"closed","template":"","meta":[],"_links":{"self":[{"href":"https:\/\/www.askoe-oedt.at\/neu\/wp-json\/wp\/v2\/pages\/203"}],"collection":[{"href":"https:\/\/www.askoe-oedt.at\/neu\/wp-json\/wp\/v2\/pages"}],"about":[{"href":"https:\/\/www.askoe-oedt.at\/neu\/wp-json\/wp\/v2\/types\/page"}],"author":[{"embeddable":true,"href":"https:\/\/www.askoe-oedt.at\/neu\/wp-json\/wp\/v2\/users\/5"}],"replies":[{"embeddable":true,"href":"https:\/\/www.askoe-oedt.at\/neu\/wp-json\/wp\/v2\/comments?post=203"}],"version-history":[{"count":260,"href":"https:\/\/www.askoe-oedt.at\/neu\/wp-json\/wp\/v2\/pages\/203\/revisions"}],"predecessor-version":[{"id":4789,"href":"https:\/\/www.askoe-oedt.at\/neu\/wp-json\/wp\/v2\/pages\/203\/revisions\/4789"}],"wp:featuredmedia":[{"embeddable":true,"href":"https:\/\/www.askoe-oedt.at\/neu\/wp-json\/wp\/v2\/media\/4417"}],"wp:attachment":[{"href":"https:\/\/www.askoe-oedt.at\/neu\/wp-json\/wp\/v2\/media?parent=203"}],"curies":[{"name":"wp","href":"https:\/\/api.w.org\/{rel}","templated":true}]}}